{"id":22791,"date":"2024-03-18T14:26:20","date_gmt":"2024-03-18T12:26:20","guid":{"rendered":"https:\/\/www.vask.edu.ee\/wp\/?page_id=22791"},"modified":"2024-03-18T14:26:20","modified_gmt":"2024-03-18T12:26:20","slug":"eelkool-alustab","status":"publish","type":"page","link":"https:\/\/www.vask.edu.ee\/wp\/eelkool-alustab","title":{"rendered":"Eelkool alustab"},"content":{"rendered":"<p>Ootame 1. septembril\u00a0 I klassi astuvaid Vasalemma kooli piirkonna (Lemmaru k\u00fcla, Maeru k\u00fcla, Nahkjala k\u00fcla, Vasalemma alevik,<br \/>\nVeskik\u00fcla, \u00c4mari alevik) lapsi eelkooli 4., 11., 18. aprillil ja 2. ning 16. mail kell. Tegevused toimuvad ajavahemikus kell 12.20-14.15 \u00f5ppe-spordihoones. Lastega tegelevad \u00f5petajad Triin P\u00f5ldsalu, Helen Hiie ja sotsiaalpedagoog Natalja Leppik.<\/p>\n","protected":false},"excerpt":{"rendered":"<p>Ootame 1. septembril\u00a0 I klassi astuvaid Vasalemma kooli piirkonna (Lemmaru k\u00fcla, Maeru k\u00fcla, Nahkjala k\u00fcla, Vasalemma alevik,<br \/>\nVeskik\u00fcla, \u00c4mari alevik) lapsi eelkooli 4., 11., 18. aprillil ja 2. ning 16. mail kell. Tegevused toimuvad ajavahemikus kell 12.20-14.15 \u00f5ppe-spordihoones. Lastega tegelevad \u00f5petajad Triin P\u00f5ldsalu, Helen Hiie ja sotsiaalpedagoog Natalja Leppik.<\/p>\n","protected":false},"author":2,"featured_media":0,"parent":0,"menu_order":0,"comment_status":"closed","ping_status":"closed","template":"","meta":{"ngg_post_thumbnail":0},"_links":{"self":[{"href":"https:\/\/www.vask.edu.ee\/wp\/wp-json\/wp\/v2\/pages\/22791"}],"collection":[{"href":"https:\/\/www.vask.edu.ee\/wp\/wp-json\/wp\/v2\/pages"}],"about":[{"href":"https:\/\/www.vask.edu.ee\/wp\/wp-json\/wp\/v2\/types\/page"}],"author":[{"embeddable":true,"href":"https:\/\/www.vask.edu.ee\/wp\/wp-json\/wp\/v2\/users\/2"}],"replies":[{"embeddable":true,"href":"https:\/\/www.vask.edu.ee\/wp\/wp-json\/wp\/v2\/comments?post=22791"}],"version-history":[{"count":1,"href":"https:\/\/www.vask.edu.ee\/wp\/wp-json\/wp\/v2\/pages\/22791\/revisions"}],"predecessor-version":[{"id":22792,"href":"https:\/\/www.vask.edu.ee\/wp\/wp-json\/wp\/v2\/pages\/22791\/revisions\/22792"}],"wp:attachment":[{"href":"https:\/\/www.vask.edu.ee\/wp\/wp-json\/wp\/v2\/media?parent=22791"}],"curies":[{"name":"wp","href":"https:\/\/api.w.org\/{rel}","templated":true}]}}