{"id":24,"date":"2010-01-04T13:45:48","date_gmt":"2010-01-04T13:45:48","guid":{"rendered":"https:\/\/localhost\/wpKool\/?page_id=24"},"modified":"2026-04-24T13:47:52","modified_gmt":"2026-04-24T10:47:52","slug":"dokumendid","status":"publish","type":"page","link":"https:\/\/www.vask.edu.ee\/wp\/dokumendid","title":{"rendered":"Dokumendid"},"content":{"rendered":"<ul>\n<li><a href=\"https:\/\/www.riigiteataja.ee\/akt\/412122018003\">P\u00f5him\u00e4\u00e4rus<\/a><\/li>\n<li><a href=\"https:\/\/www.vask.edu.ee\/wp\/wp-content\/uploads\/2021\/01\/M2101_12012021_lisa_Vasalemma-Pohikooli-arengukava-2021-2025.pdf\">Arengukava<\/a><\/li>\n<li><a href=\"https:\/\/atp.amphora.ee\/laaneharjuvv\/index.aspx?hdr=hp&amp;o=931&amp;tbs=all&amp;o2=96247\">L\u00e4\u00e4ne-Harju valla dokumendiregister<\/a><\/li>\n<li><a href=\"https:\/\/www.vask.edu.ee\/wp\/wp-content\/uploads\/2025\/12\/Vasalemma-Kooli-parendustegevused.docx\">Vasalemma Kooli parendustegevused<\/a><\/li>\n<li><a href=\"https:\/\/www.vask.edu.ee\/wp\/wp-content\/uploads\/2026\/04\/Tulekahju-korral-tegutsemise-plaan-2026.pdf\" target=\"_blank\" rel=\"noopener\">Tulekahju korral tegutsemise plaan<\/a><\/li>\n<li><a href=\"https:\/\/www.vask.edu.ee\/wp\/wp-content\/uploads\/2026\/04\/Hadaolukorra-lahendamise-plaan-2026.pdf\" target=\"_blank\" rel=\"noopener\">H\u00e4daolukorra lahendamise plaan<\/a><\/li>\n<\/ul>\n<p>&nbsp;<\/p>\n<ul>\n<li>\u00d5ppekava\n<ul>\n<li><a href=\"https:\/\/drive.google.com\/file\/d\/1Oq3En-qm576Gv2AC8U73dnrXLvuFdqKB\/view?usp=drive_link\" target=\"_blank\" rel=\"noopener\">\u00d5ppekava \u00fcldosa<\/a><\/li>\n<li>Ainevaldkondade kavad\n<ul>\n<li><a href=\"https:\/\/www.vask.edu.ee\/wp\/wp-content\/uploads\/2024\/05\/Ainevaldkond-KEEL-JA-KIRJANDUS-1.docx\">Keel ja kirjandus (eesti keel, kirjandus)<\/a><\/li>\n<li><a href=\"https:\/\/www.vask.edu.ee\/wp\/wp-content\/uploads\/2024\/05\/Ainevaldkond-VOORKEELED-1.odt\">V\u00f5\u00f5rkeeled (inglise keel, vene keel, hispaania keel)<\/a><\/li>\n<li><a href=\"https:\/\/www.vask.edu.ee\/wp\/wp-content\/uploads\/2024\/05\/Ainevaldkond-MATEMAATIKA.docx\">Matemaatika<\/a><\/li>\n<li><a href=\"https:\/\/www.vask.edu.ee\/wp\/wp-content\/uploads\/2024\/05\/Ainevaldkond-LOODUSAINED.docx\">Loodusained (loodus\u00f5petus, bioloogia, geograafia, f\u00fc\u00fcsika, keemia)<\/a><\/li>\n<li><a href=\"https:\/\/www.vask.edu.ee\/wp\/wp-content\/uploads\/2024\/05\/Ainevaldkond-SOTSIAALAINED.docx\">Sotsiaalained (inimese\u00f5petus, ajalugu, \u00fchiskonna\u00f5petus)<\/a><\/li>\n<li><a href=\"https:\/\/www.vask.edu.ee\/wp\/wp-content\/uploads\/2024\/05\/Ainevaldkond-KUNSTIAINED.docx\">Kunstiained (muusika, kunst)<\/a><\/li>\n<li><a href=\"https:\/\/www.vask.edu.ee\/wp\/wp-content\/uploads\/2024\/05\/Ainevaldkond-TEHNOLOOGIA.docx\">Tehnoloogia (t\u00f6\u00f6\u00f5petus, k\u00e4sit\u00f6\u00f6 ja kodundus, tehnoloogia\u00f5petus)<\/a><\/li>\n<li><a href=\"https:\/\/www.vask.edu.ee\/wp\/wp-content\/uploads\/2024\/05\/Ainevaldkond-KEHALINE-KASVATUS.docx\">Kehaline kasvatus<\/a><\/li>\n<li><a href=\"https:\/\/www.vask.edu.ee\/wp\/wp-content\/uploads\/2024\/05\/VALIKAINED.docx\">Valikained (\u00f5pioskused, karj\u00e4\u00e4ri\u00f5petus)<\/a><\/li>\n<\/ul>\n<\/li>\n<li><a href=\"https:\/\/www.vask.edu.ee\/wp\/wp-content\/uploads\/2024\/05\/LIHTSUSTATUD-OPPEKAVA.docx\"> Lihtsustatud \u00f5ppekava<\/a><\/li>\n<\/ul>\n<\/li>\n<\/ul>\n<ul>\n<li style=\"list-style-type: none\">\n<ul>\n<li><a href=\"https:\/\/www.vask.edu.ee\/wp\/wp-content\/uploads\/2023\/09\/Opilaste-toetamine.docx\">\u00d5pilaste arengu\u00a0 toetamine<\/a><\/li>\n<li><a href=\"https:\/\/www.vask.edu.ee\/wp\/wp-content\/uploads\/2020\/09\/M\u00c4RKAMINE_TABEL.pdf\">\u00d5pilaste arengu toetamine (skeem)<\/a><\/li>\n<\/ul>\n<\/li>\n<\/ul>\n<ul>\n<li style=\"list-style-type: none\">\n<ul>\n<li><a href=\"https:\/\/www.vask.edu.ee\/wp\/wp-content\/uploads\/2025\/12\/Kodukord25.docx\">Kodukord<\/a><\/li>\n<li><a href=\"https:\/\/www.vask.edu.ee\/wp\/wp-content\/uploads\/2025\/12\/2025-2026-uldtooplaan-1.xlsx\">2025-2026 \u00fcldt\u00f6\u00f6plaan<\/a><\/li>\n<li><a href=\"https:\/\/www.vask.edu.ee\/wp\/wp-content\/uploads\/2026\/03\/Hindamisekorraldus.pdf\" target=\"_blank\" rel=\"noopener\">Hindamise korraldus<\/a><\/li>\n<\/ul>\n<\/li>\n<\/ul>\n<p>&nbsp;<\/p>\n<ul>\n<li><a href=\"https:\/\/www.vask.edu.ee\/wp\/dokumendid\/pikapaevaruhma-tookorraldus-3\" target=\"_blank\" rel=\"attachment noopener wp-att-23450\">Pikap\u00e4evar\u00fchma t\u00f6\u00f6kord<\/a><\/li>\n<li><a href=\"https:\/\/www.vask.edu.ee\/wp\/wp-content\/uploads\/2024\/06\/opilaste-tunnustamise-kord-15-1-3-1.doc\">\u00d5pilaste tunnustamise kord<\/a><\/li>\n<li><a href=\"https:\/\/www.vask.edu.ee\/wp\/wp-content\/uploads\/2023\/09\/Loovtoode-juhendamise-kord-VPK-3.doc\">Loovt\u00f6\u00f6de juhendamise kord<\/a><\/li>\n<li><a href=\"https:\/\/www.vask.edu.ee\/wp\/wp-content\/uploads\/2011\/05\/VASALEMMA-P\u00d5HIKOOLI-KIRJALIKE-T\u00d6\u00d6DE.doc\">Kirjalike t\u00f6\u00f6de vormistamise juhend<\/a><\/li>\n<\/ul>\n<p>&nbsp;<\/p>\n<h2>Avalduste blanketid<\/h2>\n<ul>\n<li><a href=\"https:\/\/www.vask.edu.ee\/wp\/wp-content\/uploads\/2011\/01\/avaldus-pikaajaliseks-etteplaneeritud-puudumiseks.doc\">Avaldus pikaajaliseks etteplaneeritud puudumiseks<\/a><\/li>\n<\/ul>\n<p>&nbsp;<\/p>\n<h2>T\u00f6\u00f6solevad dokumendid<\/h2>\n<ul>\n<li><a href=\"https:\/\/www.vask.edu.ee\/wp\/wp-content\/uploads\/2026\/04\/Vasalemma-Pohikooli-oppekava-tooversioon.pdf\" target=\"_blank\" rel=\"noopener\">Vasalemma P\u00f5hikooli \u00f5ppekava t\u00f6\u00f6versioon<\/a><\/li>\n<li><a href=\"https:\/\/www.vask.edu.ee\/wp\/wp-content\/uploads\/2026\/04\/uldopetuse-muudetud-ainekava-2026.pdf\" target=\"_blank\" rel=\"noopener\">\u00dcld\u00f5petuse muudetud ainekava 2026<\/a><\/li>\n<li><a href=\"https:\/\/www.vask.edu.ee\/wp\/wp-content\/uploads\/2026\/04\/Loovtoode-juhendamise-kord-VPK-3.pdf\" target=\"_blank\" rel=\"noopener\">Loovt\u00f6\u00f6de juhendamise kord<\/a><\/li>\n<\/ul>\n","protected":false},"excerpt":{"rendered":"<p>P\u00f5him\u00e4\u00e4rus<br \/>\nArengukava<br \/>\nL\u00e4\u00e4ne-Harju valla dokumendiregister<br \/>\nVasalemma Kooli parendustegevused<br \/>\nTulekahju korral tegutsemise plaan<br \/>\nH\u00e4daolukorra lahendamise plaan<\/p>\n<p>&nbsp;<\/p>\n<p>\u00d5ppekava<\/p>\n<p>\u00d5ppekava \u00fcldosa<br \/>\nAinevaldkondade kavad<\/p>\n<p>Keel ja kirjandus (eesti keel, kirjandus)<br \/>\nV\u00f5\u00f5rkeeled (inglise keel, vene keel, hispaania keel)<br \/>\nMatemaatika<br \/>\nLoodusained (loodus\u00f5petus, bioloogia, geograafia, f\u00fc\u00fcsika, keemia)<br \/>\nSotsiaalained (inimese\u00f5petus, ajalugu, \u00fchiskonna\u00f5petus)<br \/>\nKunstiained (muusika, kunst)<br \/>\nTehnoloogia (t\u00f6\u00f6\u00f5petus, k\u00e4sit\u00f6\u00f6 ja kodundus, tehnoloogia\u00f5petus)<br \/>\nKehaline kasvatus<br \/>\nValikained (\u00f5pioskused, karj\u00e4\u00e4ri\u00f5petus)<\/p>\n<p> Lihtsustatud \u00f5ppekava<\/p>\n<p>\u00d5pilaste arengu\u00a0 toetamine<br \/>\n\u00d5pilaste arengu toetamine (skeem)<\/p>\n<p>Kodukord<br \/>\n2025-2026 \u00fcldt\u00f6\u00f6plaan<br \/>\nHindamise korraldus<\/p>\n<p>&nbsp;<\/p>\n<p>Pikap\u00e4evar\u00fchma t\u00f6\u00f6kord<br \/>\n\u00d5pilaste tunnustamise kord<br \/>\nLoovt\u00f6\u00f6de juhendamise kord<br \/>\nKirjalike [&#8230;]<\/p>\n","protected":false},"author":2,"featured_media":0,"parent":0,"menu_order":8,"comment_status":"closed","ping_status":"closed","template":"","meta":{"ngg_post_thumbnail":0},"_links":{"self":[{"href":"https:\/\/www.vask.edu.ee\/wp\/wp-json\/wp\/v2\/pages\/24"}],"collection":[{"href":"https:\/\/www.vask.edu.ee\/wp\/wp-json\/wp\/v2\/pages"}],"about":[{"href":"https:\/\/www.vask.edu.ee\/wp\/wp-json\/wp\/v2\/types\/page"}],"author":[{"embeddable":true,"href":"https:\/\/www.vask.edu.ee\/wp\/wp-json\/wp\/v2\/users\/2"}],"replies":[{"embeddable":true,"href":"https:\/\/www.vask.edu.ee\/wp\/wp-json\/wp\/v2\/comments?post=24"}],"version-history":[{"count":114,"href":"https:\/\/www.vask.edu.ee\/wp\/wp-json\/wp\/v2\/pages\/24\/revisions"}],"predecessor-version":[{"id":24264,"href":"https:\/\/www.vask.edu.ee\/wp\/wp-json\/wp\/v2\/pages\/24\/revisions\/24264"}],"wp:attachment":[{"href":"https:\/\/www.vask.edu.ee\/wp\/wp-json\/wp\/v2\/media?parent=24"}],"curies":[{"name":"wp","href":"https:\/\/api.w.org\/{rel}","templated":true}]}}