{"id":81,"date":"2010-01-12T08:34:42","date_gmt":"2010-01-12T08:34:42","guid":{"rendered":"https:\/\/localhost\/wpKool\/?page_id=81"},"modified":"2026-03-11T12:18:19","modified_gmt":"2026-03-11T10:18:19","slug":"opetajad","status":"publish","type":"page","link":"https:\/\/www.vask.edu.ee\/wp\/koolipere\/opetajad","title":{"rendered":"\u00d5petajad"},"content":{"rendered":"<p>&nbsp;<\/p>\n<p>&nbsp;<\/p>\n<table width=\"674\">\n<tbody>\n<tr>\n<td width=\"169\">Aivar Pent<\/td>\n<td width=\"250\">tehnoloogia, f\u00fc\u00fcsika<\/td>\n<td width=\"255\">aivar.pent@vask.edu.ee<\/td>\n<\/tr>\n<tr>\n<td width=\"169\">Anu Halling<\/td>\n<td width=\"250\">eesti keel, kirjandus, matemaatika, loodus\u00f5petus, inimese\u00f5petus, f\u00fc\u00fcsika,\u00a0 keemia<\/td>\n<td width=\"255\">anu.halling@vask.edu.ee<\/td>\n<\/tr>\n<tr>\n<td width=\"169\">Birgit Rennu<\/td>\n<td width=\"250\">pikap\u00e4evar\u00fchm, alg\u00f5petus<\/td>\n<td width=\"255\">birgit.rennu@vask.edu.ee<\/td>\n<\/tr>\n<tr>\n<td width=\"169\">Merit Visnapuu<\/td>\n<td width=\"250\">alg\u00f5petus,\u00a0 \u00a0inimese\u00f5petus, eesti keel<\/td>\n<td width=\"255\">merit.visnapuu@vask.edu.ee<\/td>\n<\/tr>\n<tr>\n<td width=\"169\">Helen Hiie<\/td>\n<td width=\"250\">muusika,\u00a0 alg\u00f5petus<\/td>\n<td width=\"255\">helen.hiie@vask.edu.ee<\/td>\n<\/tr>\n<tr>\n<td width=\"169\">Piret Sirila<\/td>\n<td width=\"250\">eesti keel, kirjandus, \u00f5piabi<\/td>\n<td width=\"255\">piret.sirila@vask.edu.ee<\/td>\n<\/tr>\n<tr>\n<td width=\"169\">Irja Idarand<\/td>\n<td width=\"250\">kehaline kasvatus<\/td>\n<td width=\"255\">irja.idarand@vask.edu.ee<\/td>\n<\/tr>\n<tr>\n<td width=\"169\">Janika K\u00f5iv<\/td>\n<td width=\"250\">bioloogia, loodus\u00f5petus, geograafia<\/td>\n<td width=\"255\">janika.koiv@vask.edu.ee<\/td>\n<\/tr>\n<tr>\n<td width=\"169\">Kadi Kask<\/td>\n<td width=\"250\">eesti keel ja kirjandus<\/td>\n<td width=\"255\">kadi.kask@vask.edu.ee<\/td>\n<\/tr>\n<tr>\n<td width=\"169\">Kaidi Shesterova<\/td>\n<td width=\"250\">matemaatika 3. ja 4. klass pikap\u00e4evar\u00fchm<\/td>\n<td width=\"255\">kaidi.shesterova@vask.edu.ee<\/td>\n<\/tr>\n<tr>\n<td width=\"169\">Kaire Veeroja<\/td>\n<td width=\"250\">\u00a0karj\u00e4\u00e4ri\u00f5pe<\/td>\n<td width=\"255\">kaire.veeroja@vask.edu.ee<\/td>\n<\/tr>\n<tr>\n<td width=\"169\">Andres Sepp<\/td>\n<td width=\"250\">hispaania keel<\/td>\n<td width=\"255\"><\/td>\n<\/tr>\n<tr>\n<td width=\"169\">Kristjan V\u00e4ljataga<\/td>\n<td width=\"250\">ajalugu, \u00fchiskonna\u00f5petus,\u00a0 \u00a0 geograafia<\/td>\n<td width=\"255\">kristjan.valjataga@vask.edu.ee<\/td>\n<\/tr>\n<tr>\n<td width=\"169\">Lea Ridbeck<\/td>\n<td width=\"250\">inglise keel<\/td>\n<td width=\"255\">lea.ridbeck@vask.edu.ee<\/td>\n<\/tr>\n<tr>\n<td width=\"169\">Mairika Nellis<\/td>\n<td width=\"250\">kunsti\u00f5petus, k\u00e4sit\u00f6\u00f6 ja kodundus<\/td>\n<td width=\"255\">mairika.nellis@vask.edu.ee<\/td>\n<\/tr>\n<tr>\n<td width=\"169\">Romet Safonov<\/td>\n<td width=\"250\">keemia, loodus\u00f5petus<\/td>\n<td width=\"255\">romet.safonov@vask.edu.ee<\/td>\n<\/tr>\n<tr>\n<td width=\"169\">Elise K\u00fctt<\/td>\n<td width=\"250\">inglise keel<\/td>\n<td width=\"255\">elise.kutt@vask.edu.ee<\/td>\n<\/tr>\n<tr>\n<td width=\"169\">Marje Hiie<\/td>\n<td width=\"250\">eesti keel, kirjandus, vene keel<\/td>\n<td width=\"255\">marje.hiie@vask.edu.ee<\/td>\n<\/tr>\n<tr>\n<td width=\"169\">Siiri Lall<\/td>\n<td width=\"250\">matemaatika<\/td>\n<td width=\"255\">siiri.lall@vask.edu.ee<\/td>\n<\/tr>\n<tr>\n<td width=\"169\">Triin P\u00f5ldsalu<\/td>\n<td width=\"250\">alg\u00f5petus, matemaatika<\/td>\n<td width=\"255\">triin.poldsalu@vask.edu.ee<\/td>\n<\/tr>\n<\/tbody>\n<\/table>\n","protected":false},"excerpt":{"rendered":"<p>&nbsp;<br \/>\n&nbsp;<\/p>\n<p>Aivar Pent<br \/>\ntehnoloogia, f\u00fc\u00fcsika<br \/>\naivar.pent@vask.edu.ee<\/p>\n<p>Anu Halling<br \/>\neesti keel, kirjandus, matemaatika, loodus\u00f5petus, inimese\u00f5petus, f\u00fc\u00fcsika,\u00a0 keemia<br \/>\nanu.halling@vask.edu.ee<\/p>\n<p>Birgit Rennu<br \/>\npikap\u00e4evar\u00fchm, alg\u00f5petus<br \/>\nbirgit.rennu@vask.edu.ee<\/p>\n<p>Merit Visnapuu<br \/>\nalg\u00f5petus,\u00a0 \u00a0inimese\u00f5petus, eesti keel<br \/>\nmerit.visnapuu@vask.edu.ee<\/p>\n<p>Helen Hiie<br \/>\nmuusika,\u00a0 alg\u00f5petus<br \/>\nhelen.hiie@vask.edu.ee<\/p>\n<p>Piret Sirila<br \/>\neesti keel, kirjandus, \u00f5piabi<br \/>\npiret.sirila@vask.edu.ee<\/p>\n<p>Irja Idarand<br \/>\nkehaline kasvatus<br \/>\nirja.idarand@vask.edu.ee<\/p>\n<p>Janika K\u00f5iv<br \/>\nbioloogia, loodus\u00f5petus, geograafia<br \/>\njanika.koiv@vask.edu.ee<\/p>\n<p>Kadi Kask<br \/>\neesti keel ja kirjandus<br \/>\nkadi.kask@vask.edu.ee<\/p>\n<p>Kaidi Shesterova<br \/>\nmatemaatika 3. ja 4. klass pikap\u00e4evar\u00fchm<br \/>\nkaidi.shesterova@vask.edu.ee<\/p>\n<p>Kaire Veeroja<br \/>\n\u00a0karj\u00e4\u00e4ri\u00f5pe<br \/>\nkaire.veeroja@vask.edu.ee<\/p>\n<p>Andres Sepp<br \/>\nhispaania keel<\/p>\n<p>Kristjan V\u00e4ljataga<br \/>\najalugu, \u00fchiskonna\u00f5petus,\u00a0 \u00a0 geograafia<br \/>\nkristjan.valjataga@vask.edu.ee<\/p>\n<p>Lea Ridbeck<br \/>\ninglise keel<br \/>\nlea.ridbeck@vask.edu.ee<\/p>\n<p>Mairika Nellis<br \/>\nkunsti\u00f5petus, k\u00e4sit\u00f6\u00f6 ja kodundus<br \/>\nmairika.nellis@vask.edu.ee<\/p>\n<p>Romet Safonov<br \/>\nkeemia, loodus\u00f5petus<br \/>\nromet.safonov@vask.edu.ee<\/p>\n<p>Elise K\u00fctt<br \/>\ninglise keel<br \/>\nelise.kutt@vask.edu.ee<\/p>\n<p>Marje [&#8230;]<\/p>\n","protected":false},"author":2,"featured_media":0,"parent":75,"menu_order":1,"comment_status":"closed","ping_status":"closed","template":"","meta":{"ngg_post_thumbnail":0},"_links":{"self":[{"href":"https:\/\/www.vask.edu.ee\/wp\/wp-json\/wp\/v2\/pages\/81"}],"collection":[{"href":"https:\/\/www.vask.edu.ee\/wp\/wp-json\/wp\/v2\/pages"}],"about":[{"href":"https:\/\/www.vask.edu.ee\/wp\/wp-json\/wp\/v2\/types\/page"}],"author":[{"embeddable":true,"href":"https:\/\/www.vask.edu.ee\/wp\/wp-json\/wp\/v2\/users\/2"}],"replies":[{"embeddable":true,"href":"https:\/\/www.vask.edu.ee\/wp\/wp-json\/wp\/v2\/comments?post=81"}],"version-history":[{"count":55,"href":"https:\/\/www.vask.edu.ee\/wp\/wp-json\/wp\/v2\/pages\/81\/revisions"}],"predecessor-version":[{"id":24231,"href":"https:\/\/www.vask.edu.ee\/wp\/wp-json\/wp\/v2\/pages\/81\/revisions\/24231"}],"up":[{"embeddable":true,"href":"https:\/\/www.vask.edu.ee\/wp\/wp-json\/wp\/v2\/pages\/75"}],"wp:attachment":[{"href":"https:\/\/www.vask.edu.ee\/wp\/wp-json\/wp\/v2\/media?parent=81"}],"curies":[{"name":"wp","href":"https:\/\/api.w.org\/{rel}","templated":true}]}}