{"id":87,"date":"2010-01-12T08:43:55","date_gmt":"2010-01-12T08:43:55","guid":{"rendered":"https:\/\/localhost\/wpKool\/?page_id=87"},"modified":"2017-03-27T01:21:20","modified_gmt":"2017-03-26T22:21:20","slug":"oppetoo","status":"publish","type":"page","link":"https:\/\/www.vask.edu.ee\/wp\/oppetoo","title":{"rendered":"\u00d5ppet\u00f6\u00f6"},"content":{"rendered":"<p>[vc_row][vc_column][vc_widget_sidebar sidebar_id=&#8221;page-sidebar-subpages&#8221;][\/vc_column][\/vc_row]<\/p>\n","protected":false},"excerpt":{"rendered":"<p>[vc_row][vc_column][vc_widget_sidebar sidebar_id=&#8221;page-sidebar-subpages&#8221;][\/vc_column][\/vc_row]<\/p>\n","protected":false},"author":2,"featured_media":0,"parent":0,"menu_order":5,"comment_status":"closed","ping_status":"closed","template":"","meta":{"ngg_post_thumbnail":0},"_links":{"self":[{"href":"https:\/\/www.vask.edu.ee\/wp\/wp-json\/wp\/v2\/pages\/87"}],"collection":[{"href":"https:\/\/www.vask.edu.ee\/wp\/wp-json\/wp\/v2\/pages"}],"about":[{"href":"https:\/\/www.vask.edu.ee\/wp\/wp-json\/wp\/v2\/types\/page"}],"author":[{"embeddable":true,"href":"https:\/\/www.vask.edu.ee\/wp\/wp-json\/wp\/v2\/users\/2"}],"replies":[{"embeddable":true,"href":"https:\/\/www.vask.edu.ee\/wp\/wp-json\/wp\/v2\/comments?post=87"}],"version-history":[{"count":0,"href":"https:\/\/www.vask.edu.ee\/wp\/wp-json\/wp\/v2\/pages\/87\/revisions"}],"wp:attachment":[{"href":"https:\/\/www.vask.edu.ee\/wp\/wp-json\/wp\/v2\/media?parent=87"}],"curies":[{"name":"wp","href":"https:\/\/api.w.org\/{rel}","templated":true}]}}